{"id":1068,"date":"2024-03-18T11:56:34","date_gmt":"2024-03-18T10:56:34","guid":{"rendered":"https:\/\/www.slimop.space\/a-casa\/"},"modified":"2026-02-24T15:55:12","modified_gmt":"2026-02-24T14:55:12","slug":"inici","status":"publish","type":"page","link":"https:\/\/www.slimop.space\/ca\/","title":{"rendered":"Inici"},"content":{"rendered":"","protected":false},"excerpt":{"rendered":"","protected":false},"author":1,"featured_media":0,"parent":0,"menu_order":0,"comment_status":"closed","ping_status":"closed","template":"","meta":{"_acf_changed":false,"_seopress_robots_primary_cat":"","_seopress_titles_title":"SLIMOP Space: revolucionant l'observaci\u00f3 de la Terra amb telescopis espacials avan\u00e7ats","_seopress_titles_desc":"Descobreix SLIMOP Space, una innovadora empresa tecnol\u00f2gica amb seu a Barcelona, \u200b\u200bEspanya, dedicada a transformar l'observaci\u00f3 de la Terra amb telescopis espacials lleugers, de baix cost i d'alta resoluci\u00f3. En col\u00b7laboraci\u00f3 amb institucions l\u00edders com l'ESA BIC Barcelona, \u200b\u200bles nostres solucions innovadores estan dissenyades tant per a sat\u00e8l\u00b7lits petits com nano. Obteniu m\u00e9s informaci\u00f3 sobre la nostra missi\u00f3, equip i socis.","_seopress_robots_index":"","footnotes":""},"class_list":["post-1068","page","type-page","status-publish","hentry"],"acf":[],"_links":{"self":[{"href":"https:\/\/www.slimop.space\/ca\/wp-json\/wp\/v2\/pages\/1068","targetHints":{"allow":["GET"]}}],"collection":[{"href":"https:\/\/www.slimop.space\/ca\/wp-json\/wp\/v2\/pages"}],"about":[{"href":"https:\/\/www.slimop.space\/ca\/wp-json\/wp\/v2\/types\/page"}],"author":[{"embeddable":true,"href":"https:\/\/www.slimop.space\/ca\/wp-json\/wp\/v2\/users\/1"}],"replies":[{"embeddable":true,"href":"https:\/\/www.slimop.space\/ca\/wp-json\/wp\/v2\/comments?post=1068"}],"version-history":[{"count":16,"href":"https:\/\/www.slimop.space\/ca\/wp-json\/wp\/v2\/pages\/1068\/revisions"}],"predecessor-version":[{"id":2012,"href":"https:\/\/www.slimop.space\/ca\/wp-json\/wp\/v2\/pages\/1068\/revisions\/2012"}],"wp:attachment":[{"href":"https:\/\/www.slimop.space\/ca\/wp-json\/wp\/v2\/media?parent=1068"}],"curies":[{"name":"wp","href":"https:\/\/api.w.org\/{rel}","templated":true}]}}