{"id":1270,"date":"2024-03-18T13:05:19","date_gmt":"2024-03-18T12:05:19","guid":{"rendered":"https:\/\/www.slimop.space\/politica-de-privacitat\/"},"modified":"2024-08-08T19:31:09","modified_gmt":"2024-08-08T17:31:09","slug":"politica-de-privacitat","status":"publish","type":"page","link":"https:\/\/www.slimop.space\/ca\/politica-de-privacitat\/","title":{"rendered":"Pol\u00edtica de privacitat"},"content":{"rendered":"\n<p>La confidencialitat i la seguretat s\u00f3n valors fonamentals per SLIMOp Space, SL, per aix\u00f2 ens comprometem a garantir la privadesa de l&#8217;Usuari en tot moment i a no recollir informaci\u00f3 innecess\u00e0ria. A continuaci\u00f3, us proporcionem tota la informaci\u00f3 necess\u00e0ria sobre la nostra Pol\u00edtica de privadesa sobre les dades personals que recollim: <\/p>\n\n<p>1. RESPONSABLE: RESPONSABLE: SLIMOp Space, SL NIF: B72803455 Adre\u00e7a: CALLE SANCHO DE AVILA, 119 6 PTA.7. 08018, BARCELONA Correu electr\u00f2nic: <a>info@slimop.space<\/a> <br\/><\/p>\n\n<p>2. FINALITATS, LEGITIMITAT I RETENCI\u00d3 de les dades remeses a trav\u00e9s de: Formulari de contacte. Finalitat: Proporcionar-vos un mitj\u00e0 per contactar amb nosaltres i respondre a les vostres sol\u00b7licituds d&#8217;informaci\u00f3, aix\u00ed com enviar comunicacions sobre els nostres productes, serveis i activitats, inclosa per via electr\u00f2nica (correu electr\u00f2nic, SMS, etc.), si marqueu la casella d&#8217;acceptaci\u00f3. Legitimitat: Consentiment de l&#8217;usuari en sol\u00b7licitar informaci\u00f3 a trav\u00e9s del nostre formulari de contacte i marcar la casella d&#8217;acceptaci\u00f3 d&#8217;enviament d&#8217;informaci\u00f3. Retenci\u00f3: Un cop resolta la seva sol\u00b7licitud a trav\u00e9s del nostre formulari o contestada per correu electr\u00f2nic, si no ha generat un nou tractament, i si ha acceptat rebre comunicacions comercials, fins que sol\u00b7liciti la baixa.   <\/p>\n\n<ol class=\"wp-block-list\"><\/ol>\n\n<p>Enviament de correu electr\u00f2nic. Finalitat: Respondre a les vostres sol\u00b7licituds d&#8217;informaci\u00f3, atendre les vostres consultes o dubtes. Si rebem el teu Curr\u00edculum Vitae (CV), les teves dades personals i curriculars poden passar a formar part de les nostres bases de dades per als processos de selecci\u00f3 actuals i futurs. Legitimitat: Consentiment de l&#8217;usuari en sol\u00b7licitar informaci\u00f3 a trav\u00e9s de l&#8217;adre\u00e7a de correu electr\u00f2nic o enviar-nos les seves dades i CV per participar en els nostres processos de selecci\u00f3. Retenci\u00f3: Un cop contestada la seva sol\u00b7licitud de correu electr\u00f2nic, si no ha generat un nou tractament. En el cas de rebre el teu curr\u00edculum, les teves dades es podran conservar durant un m\u00e0xim d&#8217;un any per a futurs processos de selecci\u00f3.     <\/p>\n\n<p>3. DESTINATARIS DE LES SEVES DADES: Les seves dades s\u00f3n confidencials i no seran cedides a tercers, llevat que hi hagi una obligaci\u00f3 legal.<br\/><br\/>4. DRETS SOBRE LES SEVES DADES PERSONALS: Qualsevol persona pot retirar el seu consentiment en qualsevol moment, si s&#8217;ha donat el consentiment per al tractament de les seves dades. En cap cas la retirada d&#8217;aquest consentiment condiciona l&#8217;execuci\u00f3 del contracte de subscripci\u00f3 o les relacions generades amb anterioritat. Aix\u00ed mateix, pot exercir els seg\u00fcents drets: Sol\u00b7licitar l&#8217;acc\u00e9s a les seves dades personals o la seva rectificaci\u00f3 quan siguin inexactes. Sol\u00b7licitar la seva supressi\u00f3 quan, entre altres motius, les dades ja no siguin necess\u00e0ries per a les finalitats per a les quals van ser recollides. Sol\u00b7licitar la limitaci\u00f3 del seu tractament en determinades circumst\u00e0ncies. Oposar-se al tractament de les seves dades per motius relacionats amb la seva situaci\u00f3 particular. Sol\u00b7licitar la portabilitat de les dades en els casos previstos a la normativa. Altres drets reconeguts en la normativa aplicable. On i com exercir els seus Drets: Per escrit al responsable del tractament a la seva adre\u00e7a postal o electr\u00f2nica, indicant &#8220;Dades Personals&#8221; com a refer\u00e8ncia, especificant el dret que vol exercir i sobre quines dades personals.        <\/p>\n\n<ol start=\"3\" class=\"wp-block-list\"><\/ol>\n\n<p>En cas de discrep\u00e0ncies amb l&#8217;empresa pel que fa al tractament de les seves dades, pot presentar una reclamaci\u00f3 davant l&#8217;Ag\u00e8ncia Espanyola de Protecci\u00f3 de Dades ( <a href=\"http:\/\/www.agpd.es\">www.agpd.es<\/a> ).<\/p>\n\n<p>5. SEGURETAT DE LES SEVES DADES PERSONALS: Amb la finalitat de salvaguardar la seguretat de les seves dades personals, l&#8217;informem que hem adoptat totes les mesures t\u00e8cniques i organitzatives necess\u00e0ries per garantir la seguretat de les dades personals facilitades davant l&#8217;alteraci\u00f3, p\u00e8rdua i acc\u00e9s no autoritzat o processament.<br\/><br\/>6. ACTUALITZACI\u00d3 DE LES TEVES DADES: \u00c9s important que per tal de mantenir actualitzades les teves dades personals, ens comuniquis sempre que hi hagi hagut algun canvi en les mateixes; en cas contrari, no garantim l&#8217;exactitud del mateix. No som responsables de la pol\u00edtica de privadesa respecte a les dades personals que puguis proporcionar a tercers mitjan\u00e7ant els enlla\u00e7os disponibles al nostre lloc web. <\/p>\n\n<ol start=\"5\" class=\"wp-block-list\"><\/ol>\n\n<p>Aquesta Pol\u00edtica de Privacitat va ser modificada per \u00faltima vegada l&#8217;1 d&#8217;agost de 2024, i pot ser modificada per adaptar-se als canvis que es produeixin al nostre lloc web, aix\u00ed com a modificacions legislatives o jurisprudencials en mat\u00e8ria de dades personals, per tant, exigim la seva lectura cada vegada que ens faciliteu les vostres dades. a trav\u00e9s d&#8217;aquest lloc web.<\/p>\n","protected":false},"excerpt":{"rendered":"<p>La confidencialitat i la seguretat s\u00f3n valors fonamentals per SLIMOp Space, SL, per aix\u00f2 ens comprometem a garantir la privadesa de l&#8217;Usuari en tot moment i a no recollir informaci\u00f3 innecess\u00e0ria. A continuaci\u00f3, us proporcionem tota la informaci\u00f3 necess\u00e0ria sobre la nostra Pol\u00edtica de privadesa sobre les dades personals que recollim: 1. RESPONSABLE: RESPONSABLE: SLIMOp [&hellip;]<\/p>\n","protected":false},"author":1,"featured_media":0,"parent":0,"menu_order":0,"comment_status":"closed","ping_status":"closed","template":"","meta":{"_acf_changed":false,"_seopress_robots_primary_cat":"","_seopress_titles_title":"","_seopress_titles_desc":"","_seopress_robots_index":"","footnotes":""},"class_list":["post-1270","page","type-page","status-publish","hentry"],"acf":[],"_links":{"self":[{"href":"https:\/\/www.slimop.space\/ca\/wp-json\/wp\/v2\/pages\/1270","targetHints":{"allow":["GET"]}}],"collection":[{"href":"https:\/\/www.slimop.space\/ca\/wp-json\/wp\/v2\/pages"}],"about":[{"href":"https:\/\/www.slimop.space\/ca\/wp-json\/wp\/v2\/types\/page"}],"author":[{"embeddable":true,"href":"https:\/\/www.slimop.space\/ca\/wp-json\/wp\/v2\/users\/1"}],"replies":[{"embeddable":true,"href":"https:\/\/www.slimop.space\/ca\/wp-json\/wp\/v2\/comments?post=1270"}],"version-history":[{"count":1,"href":"https:\/\/www.slimop.space\/ca\/wp-json\/wp\/v2\/pages\/1270\/revisions"}],"predecessor-version":[{"id":1271,"href":"https:\/\/www.slimop.space\/ca\/wp-json\/wp\/v2\/pages\/1270\/revisions\/1271"}],"wp:attachment":[{"href":"https:\/\/www.slimop.space\/ca\/wp-json\/wp\/v2\/media?parent=1270"}],"curies":[{"name":"wp","href":"https:\/\/api.w.org\/{rel}","templated":true}]}}