{"id":2005,"date":"2026-02-04T15:07:07","date_gmt":"2026-02-04T14:07:07","guid":{"rendered":"https:\/\/www.slimop.space\/premi\/"},"modified":"2026-02-25T10:58:04","modified_gmt":"2026-02-25T09:58:04","slug":"slimop-space-premis-nacionals-dindustria","status":"publish","type":"page","link":"https:\/\/www.slimop.space\/ca\/slimop-space-premis-nacionals-dindustria\/","title":{"rendered":"SLIMOP Space \u2013 Premis Nacionals d\u2019Ind\u00fastria"},"content":{"rendered":"\n<p>4 de febrer de 2026<\/p>\n\n\n\n<p>SLIMOP Space ha estat reconeguda amb el Premi Nacional d\u2019Ind\u00fastria 2026 \u201cBen Fet a Espanya\u201d, en la categoria d\u2019Emprenedoria Industrial, una de les distincions m\u00e9s rellevants de l\u2019ecosistema industrial espanyol, per la seva aportaci\u00f3 tecnol\u00f2gica al sector espacial mitjan\u00e7ant el desenvolupament de telescopis espacials ultralleugers de nova generaci\u00f3.<\/p>\n\n\n\n<p>El guard\u00f3, lliurat en un acte institucional presidit per S.M. el Rei Felip VI, posa en valor l\u2019excel\u00b7l\u00e8ncia industrial, la capacitat d\u2019innovaci\u00f3 i la contribuci\u00f3 a l\u2019enfortiment de la sobirania tecnol\u00f2gica espanyola i europea.<\/p>\n\n\n\n<p><\/p>\n","protected":false},"excerpt":{"rendered":"<p>4 de febrer de 2026 SLIMOP Space ha estat reconeguda amb el Premi Nacional d\u2019Ind\u00fastria 2026 \u201cBen Fet a Espanya\u201d, en la categoria d\u2019Emprenedoria Industrial, una de les distincions m\u00e9s rellevants de l\u2019ecosistema industrial espanyol, per la seva aportaci\u00f3 tecnol\u00f2gica al sector espacial mitjan\u00e7ant el desenvolupament de telescopis espacials ultralleugers de nova generaci\u00f3. El guard\u00f3, [&hellip;]<\/p>\n","protected":false},"author":1,"featured_media":1993,"parent":0,"menu_order":0,"comment_status":"closed","ping_status":"closed","template":"","meta":{"_acf_changed":false,"_seopress_robots_primary_cat":"","_seopress_titles_title":"","_seopress_titles_desc":"","_seopress_robots_index":"","footnotes":""},"class_list":["post-2005","page","type-page","status-publish","has-post-thumbnail","hentry"],"acf":[],"_links":{"self":[{"href":"https:\/\/www.slimop.space\/ca\/wp-json\/wp\/v2\/pages\/2005","targetHints":{"allow":["GET"]}}],"collection":[{"href":"https:\/\/www.slimop.space\/ca\/wp-json\/wp\/v2\/pages"}],"about":[{"href":"https:\/\/www.slimop.space\/ca\/wp-json\/wp\/v2\/types\/page"}],"author":[{"embeddable":true,"href":"https:\/\/www.slimop.space\/ca\/wp-json\/wp\/v2\/users\/1"}],"replies":[{"embeddable":true,"href":"https:\/\/www.slimop.space\/ca\/wp-json\/wp\/v2\/comments?post=2005"}],"version-history":[{"count":5,"href":"https:\/\/www.slimop.space\/ca\/wp-json\/wp\/v2\/pages\/2005\/revisions"}],"predecessor-version":[{"id":2050,"href":"https:\/\/www.slimop.space\/ca\/wp-json\/wp\/v2\/pages\/2005\/revisions\/2050"}],"wp:featuredmedia":[{"embeddable":true,"href":"https:\/\/www.slimop.space\/ca\/wp-json\/wp\/v2\/media\/1993"}],"wp:attachment":[{"href":"https:\/\/www.slimop.space\/ca\/wp-json\/wp\/v2\/media?parent=2005"}],"curies":[{"name":"wp","href":"https:\/\/api.w.org\/{rel}","templated":true}]}}