{"id":1279,"date":"2024-03-18T13:05:19","date_gmt":"2024-03-18T12:05:19","guid":{"rendered":"https:\/\/www.slimop.space\/politica-de-privacidad\/"},"modified":"2024-08-10T11:54:25","modified_gmt":"2024-08-10T09:54:25","slug":"politica-de-privacidad","status":"publish","type":"page","link":"https:\/\/www.slimop.space\/es\/politica-de-privacidad\/","title":{"rendered":"Pol\u00edtica de privacidad"},"content":{"rendered":"\n<p>La confidencialidad y la seguridad son valores primordiales de SLIMOP Space, S.L., por lo que nos comprometemos a garantizar la privacidad del Usuario en todo momento y a no recabar informaci\u00f3n innecesaria. A continuaci\u00f3n, te facilitamos toda la informaci\u00f3n necesaria sobre nuestra Pol\u00edtica de Privacidad en relaci\u00f3n con los datos personales que recogemos: <\/p>\n\n<p>1. RESPONSABLE DEL TRATAMIENTO: RESPONSABLE: SLIMOP Space, S.L. NIF: B72803455 Direcci\u00f3n: CALLE SANCHO DE AVILA, 119 6 PTA.7. 08018, BARCELONA Correo electr\u00f3nico: <a>info@slimop.space<\/a> <br\/><\/p>\n\n<p>2. FINALIDADES, LEGITIMIDAD Y RETENCI\u00d3N de los datos enviados a trav\u00e9s de: Formulario de Contacto.\nFinalidad: Proporcionarte un medio para contactar con nosotros y responder a tus solicitudes de informaci\u00f3n, as\u00ed como enviarte comunicaciones sobre nuestros productos, servicios y actividades, incluso por v\u00eda electr\u00f3nica (correo electr\u00f3nico, SMS, etc.), si marcas la casilla de aceptaci\u00f3n.\nLegitimaci\u00f3n: Consentimiento del usuario al solicitar informaci\u00f3n a trav\u00e9s de nuestro formulario de contacto y marcar la casilla de aceptaci\u00f3n de env\u00edo de informaci\u00f3n.\nConservaci\u00f3n: Una vez resuelta tu solicitud a trav\u00e9s de nuestro formulario o contestada por correo electr\u00f3nico, si no ha generado un nuevo tratamiento, y si has aceptado recibir comunicaciones comerciales, hasta que solicites la baja.   <\/p>\n\n<ol class=\"wp-block-list\"><\/ol>\n\n<p>Env\u00edo de correo electr\u00f3nico.\nFinalidad: Responder a tus solicitudes de informaci\u00f3n, atender tus consultas o dudas.\nSi recibimos tu Curr\u00edculum Vitae (CV), tus datos personales y curriculares podr\u00e1n pasar a formar parte de nuestras bases de datos para procesos de selecci\u00f3n actuales y futuros.\nLegitimaci\u00f3n: Consentimiento del usuario al solicitar informaci\u00f3n a trav\u00e9s de su direcci\u00f3n de correo electr\u00f3nico o al enviarnos sus datos y CV para participar en nuestros procesos de selecci\u00f3n.\nConservaci\u00f3n: Una vez contestada tu solicitud por correo electr\u00f3nico, si no ha generado un nuevo tratamiento.\nEn el caso de recibir tu CV, tus datos podr\u00e1n ser conservados un m\u00e1ximo de un a\u00f1o para futuros procesos de selecci\u00f3n.     <\/p>\n\n<p>3. DESTINATARIOS DE TUS DATOS: Tus datos son confidenciales y no ser\u00e1n cedidos a terceros, salvo obligaci\u00f3n legal.<br\/><br\/>4. DERECHOS RELATIVOS A TUS DATOS PERSONALES: Cualquier persona puede retirar su consentimiento en cualquier momento, si \u00e9ste se dio para el tratamiento de sus datos.\nEn ning\u00fan caso la retirada de este consentimiento condiciona la ejecuci\u00f3n del contrato de suscripci\u00f3n o las relaciones generadas con anterioridad.\nAsimismo, podr\u00e1s ejercer los siguientes derechos Solicitar el acceso a tus datos personales o su rectificaci\u00f3n cuando sean inexactos.\nSolicitar su supresi\u00f3n cuando, entre otros motivos, los datos ya no sean necesarios para los fines que fueron recogidos.\nSolicitar la limitaci\u00f3n de su tratamiento en determinadas circunstancias.\nOponerte al tratamiento de tus datos por motivos relacionados con tu situaci\u00f3n particular.\nSolicitar la portabilidad de los datos en los supuestos previstos en la normativa.\nOtros derechos reconocidos en la normativa aplicable.\nD\u00f3nde y c\u00f3mo ejercer tus Derechos: Mediante escrito dirigido al responsable del tratamiento a su direcci\u00f3n postal o electr\u00f3nica, indicando como referencia &#8220;Datos Personales&#8221;, especificando el derecho que deseas ejercitar y respecto de qu\u00e9 datos personales.        <\/p>\n\n<ol start=\"3\" class=\"wp-block-list\"><\/ol>\n\n<p>En caso de discrepancias con la empresa sobre el tratamiento de tus datos, puedes presentar una reclamaci\u00f3n ante la Agencia Espa\u00f1ola de Protecci\u00f3n de Datos <a href=\"http:\/\/www.agpd.es\">(www.agpd.es)<\/a>.<\/p>\n\n<p>5. SEGURIDAD DE TUS DATOS PERSONALES: Con el fin de salvaguardar la seguridad de tus datos personales, te informamos de que hemos adoptado todas las medidas de \u00edndole t\u00e9cnica y organizativa necesarias para garantizar la seguridad de los datos personales suministrados frente a la alteraci\u00f3n, p\u00e9rdida, tratamiento o acceso no autorizado.<br\/><br\/>6. ACTUALIZACI\u00d3N DE TUS DATOS: Es importante que, para que podamos mantener tus datos personales actualizados, nos informes siempre que haya habido alguna modificaci\u00f3n en ellos, en caso contrario, no garantizamos la veracidad de los mismos.\nNo nos hacemos responsables de la pol\u00edtica de privacidad respecto a los datos personales que puedas facilitar a terceros a trav\u00e9s de los enlaces disponibles en nuestra p\u00e1gina web. <\/p>\n\n<ol start=\"5\" class=\"wp-block-list\"><\/ol>\n\n<p>La presente Pol\u00edtica de Privacidad fue modificada por \u00faltima vez el 1 de agosto de 2024, y podr\u00e1 ser modificada para adaptarla a los cambios que se produzcan en nuestra web, as\u00ed como modificaciones legislativas o jurisprudenciales sobre datos personales, por lo que exigimos su lectura cada vez que nos facilites tus datos a trav\u00e9s de esta Web.<\/p>\n","protected":false},"excerpt":{"rendered":"<p>La confidencialidad y la seguridad son valores primordiales de SLIMOP Space, S.L., por lo que nos comprometemos a garantizar la privacidad del Usuario en todo momento y a no recabar informaci\u00f3n innecesaria. A continuaci\u00f3n, te facilitamos toda la informaci\u00f3n necesaria sobre nuestra Pol\u00edtica de Privacidad en relaci\u00f3n con los datos personales que recogemos: 1. RESPONSABLE [&hellip;]<\/p>\n","protected":false},"author":1,"featured_media":0,"parent":0,"menu_order":0,"comment_status":"closed","ping_status":"closed","template":"","meta":{"_acf_changed":false,"_seopress_robots_primary_cat":"","_seopress_titles_title":"","_seopress_titles_desc":"","_seopress_robots_index":"","footnotes":""},"class_list":["post-1279","page","type-page","status-publish","hentry"],"acf":[],"_links":{"self":[{"href":"https:\/\/www.slimop.space\/es\/wp-json\/wp\/v2\/pages\/1279","targetHints":{"allow":["GET"]}}],"collection":[{"href":"https:\/\/www.slimop.space\/es\/wp-json\/wp\/v2\/pages"}],"about":[{"href":"https:\/\/www.slimop.space\/es\/wp-json\/wp\/v2\/types\/page"}],"author":[{"embeddable":true,"href":"https:\/\/www.slimop.space\/es\/wp-json\/wp\/v2\/users\/1"}],"replies":[{"embeddable":true,"href":"https:\/\/www.slimop.space\/es\/wp-json\/wp\/v2\/comments?post=1279"}],"version-history":[{"count":3,"href":"https:\/\/www.slimop.space\/es\/wp-json\/wp\/v2\/pages\/1279\/revisions"}],"predecessor-version":[{"id":1317,"href":"https:\/\/www.slimop.space\/es\/wp-json\/wp\/v2\/pages\/1279\/revisions\/1317"}],"wp:attachment":[{"href":"https:\/\/www.slimop.space\/es\/wp-json\/wp\/v2\/media?parent=1279"}],"curies":[{"name":"wp","href":"https:\/\/api.w.org\/{rel}","templated":true}]}}