{"id":2007,"date":"2026-02-04T15:07:07","date_gmt":"2026-02-04T14:07:07","guid":{"rendered":"https:\/\/www.slimop.space\/premio\/"},"modified":"2026-02-25T10:58:20","modified_gmt":"2026-02-25T09:58:20","slug":"slimop-space-premios-nacionales-de-industria","status":"publish","type":"page","link":"https:\/\/www.slimop.space\/es\/slimop-space-premios-nacionales-de-industria\/","title":{"rendered":"SLIMOP Space: Premios nacionales de industria"},"content":{"rendered":"\n<p>4 de febrero de 2026<\/p>\n\n\n\n<p>SLIMOP Space ha sido reconocida con el Premio Nacional de Industria 2026 \u201cBien Hecho en Espa\u00f1a\u201d, en la categor\u00eda de Emprendimiento industrial, una de las distinciones m\u00e1s relevantes del ecosistema industrial espa\u00f1ol, por su aportaci\u00f3n tecnol\u00f3gica al sector espacial mediante el desarrollo de telescopios espaciales ultraligeros de nueva generaci\u00f3n. <br><br>El galard\u00f3n, entregado en un acto institucional presidido por S.M. El Rey Felipe VI, pone en valor la excelencia industrial, la capacidad de innovaci\u00f3n y la contribuci\u00f3n al fortalecimiento de la soberan\u00eda tecnol\u00f3gica espa\u00f1ola y europea.<\/p>\n\n\n\n<p><\/p>\n","protected":false},"excerpt":{"rendered":"<p>4 de febrero de 2026 SLIMOP Space ha sido reconocida con el Premio Nacional de Industria 2026 \u201cBien Hecho en Espa\u00f1a\u201d, en la categor\u00eda de Emprendimiento industrial, una de las distinciones m\u00e1s relevantes del ecosistema industrial espa\u00f1ol, por su aportaci\u00f3n tecnol\u00f3gica al sector espacial mediante el desarrollo de telescopios espaciales ultraligeros de nueva generaci\u00f3n. El [&hellip;]<\/p>\n","protected":false},"author":1,"featured_media":1994,"parent":0,"menu_order":0,"comment_status":"closed","ping_status":"closed","template":"","meta":{"_acf_changed":false,"_seopress_robots_primary_cat":"","_seopress_titles_title":"","_seopress_titles_desc":"","_seopress_robots_index":"","footnotes":""},"class_list":["post-2007","page","type-page","status-publish","has-post-thumbnail","hentry"],"acf":[],"_links":{"self":[{"href":"https:\/\/www.slimop.space\/es\/wp-json\/wp\/v2\/pages\/2007","targetHints":{"allow":["GET"]}}],"collection":[{"href":"https:\/\/www.slimop.space\/es\/wp-json\/wp\/v2\/pages"}],"about":[{"href":"https:\/\/www.slimop.space\/es\/wp-json\/wp\/v2\/types\/page"}],"author":[{"embeddable":true,"href":"https:\/\/www.slimop.space\/es\/wp-json\/wp\/v2\/users\/1"}],"replies":[{"embeddable":true,"href":"https:\/\/www.slimop.space\/es\/wp-json\/wp\/v2\/comments?post=2007"}],"version-history":[{"count":7,"href":"https:\/\/www.slimop.space\/es\/wp-json\/wp\/v2\/pages\/2007\/revisions"}],"predecessor-version":[{"id":2051,"href":"https:\/\/www.slimop.space\/es\/wp-json\/wp\/v2\/pages\/2007\/revisions\/2051"}],"wp:featuredmedia":[{"embeddable":true,"href":"https:\/\/www.slimop.space\/es\/wp-json\/wp\/v2\/media\/1994"}],"wp:attachment":[{"href":"https:\/\/www.slimop.space\/es\/wp-json\/wp\/v2\/media?parent=2007"}],"curies":[{"name":"wp","href":"https:\/\/api.w.org\/{rel}","templated":true}]}}